{"id":349,"date":"2023-04-12T16:47:53","date_gmt":"2023-04-12T14:47:53","guid":{"rendered":"http:\/\/apelstvincent.fr\/?page_id=349"},"modified":"2023-04-12T17:08:25","modified_gmt":"2023-04-12T15:08:25","slug":"pour-les-parents","status":"publish","type":"page","link":"http:\/\/apelstvincent.fr\/index.php\/nos-actions\/pour-les-parents\/","title":{"rendered":"Pour les parents"},"content":{"rendered":"<div class=\"post-content\">\n<p>Tout au long de l&rsquo;ann\u00e9e, on essaie de faire en sorte que les parents se sentent bien \u00e0 Saint Vincent en organisant de actions qui leur sont plus sp\u00e9cifiquement d\u00e9di\u00e9es, comme :<\/p>\n\n\n\n<ul class=\"wp-block-list\">\n<li>Cocktail des nouveaux parents<\/li>\n\n\n\n<li>Caf\u00e9\/go\u00fbters des parents \u00e0 l&rsquo;\u00e9cole<\/li>\n\n\n\n<li>Vente de sapins de No\u00ebl<\/li>\n\n\n\n<li>Visites historiques<\/li>\n\n\n\n<li>Portes ouvertes (organis\u00e9es par Saint Vincent mais nous en sommes partenaires)<\/li>\n<\/ul>\n<\/div>","protected":false},"excerpt":{"rendered":"<p>Tout au long de l&rsquo;ann\u00e9e, on essaie de faire en sorte que les parents se sentent bien \u00e0 Saint Vincent<\/p>\n","protected":false},"author":1,"featured_media":0,"parent":14,"menu_order":0,"comment_status":"closed","ping_status":"closed","template":"","meta":{"footnotes":""},"class_list":["post-349","page","type-page","status-publish","hentry"],"_links":{"self":[{"href":"http:\/\/apelstvincent.fr\/index.php\/wp-json\/wp\/v2\/pages\/349","targetHints":{"allow":["GET"]}}],"collection":[{"href":"http:\/\/apelstvincent.fr\/index.php\/wp-json\/wp\/v2\/pages"}],"about":[{"href":"http:\/\/apelstvincent.fr\/index.php\/wp-json\/wp\/v2\/types\/page"}],"author":[{"embeddable":true,"href":"http:\/\/apelstvincent.fr\/index.php\/wp-json\/wp\/v2\/users\/1"}],"replies":[{"embeddable":true,"href":"http:\/\/apelstvincent.fr\/index.php\/wp-json\/wp\/v2\/comments?post=349"}],"version-history":[{"count":1,"href":"http:\/\/apelstvincent.fr\/index.php\/wp-json\/wp\/v2\/pages\/349\/revisions"}],"predecessor-version":[{"id":350,"href":"http:\/\/apelstvincent.fr\/index.php\/wp-json\/wp\/v2\/pages\/349\/revisions\/350"}],"up":[{"embeddable":true,"href":"http:\/\/apelstvincent.fr\/index.php\/wp-json\/wp\/v2\/pages\/14"}],"wp:attachment":[{"href":"http:\/\/apelstvincent.fr\/index.php\/wp-json\/wp\/v2\/media?parent=349"}],"curies":[{"name":"wp","href":"https:\/\/api.w.org\/{rel}","templated":true}]}}